{"id":2278,"date":"2022-08-17T23:30:42","date_gmt":"2022-08-17T23:30:42","guid":{"rendered":"https:\/\/www.circuitohome.com.br\/produtos\/?page_id=2278"},"modified":"2024-06-03T13:47:46","modified_gmt":"2024-06-03T13:47:46","slug":"cortina-inteligente","status":"publish","type":"page","link":"https:\/\/www.circuitohome.com.br\/produtos\/dispositivos-smart\/cortina-inteligente\/","title":{"rendered":"Cortina Inteligente"},"content":{"rendered":"<h2>AUTOMATIZE SUA CASA<\/h2>\n<h3>Imagine a sua cortina abrindo automaticamente logo ao amanhecer, ou ent\u00e3o fechando ao in\u00edcio da tarde, sem que voc\u00ea precise se preocupar em ajust\u00e1-la manualmente.<\/h3>\n<p><img loading=\"lazy\" class=\"aligncenter size-full wp-image-2320\" src=\"https:\/\/www.circuitohome.com.br\/produtos\/wp-content\/uploads\/2022\/09\/assistente-alexa-google.png\" alt=\"Alexa e Google Assistente\" width=\"676\" height=\"108\" \/><\/p>\n<script type=\"text\/javascript\">\r\n          jQuery(function() {\r\n              jQuery(\"#fixedparallax_6a0708c268a7d\").cherryFixedParallax({\r\n                offset: true,\r\n                bgfixed: true,\r\n                invert: true\r\n              });\r\n          });\r\n    <\/script><section id=\"fixedparallax_6a0708c268a7d\" class=\"fixed_parallax_section cherry_fixed_parallax3\" data-source-url=\"https:\/\/www.circuitohome.com.br\/produtos\/wp-content\/uploads\/2022\/09\/fundo-1.jpg\" data-source-width=\"1500\" data-source-height=\"657\"><div class=\"container parallax_content\">\n<div class=\"row \">\n<div class=\"span12 \"><\/div>\n<div class=\"span4 \"><div class=\"extra-wrap block_5\">\n<p><img loading=\"lazy\" class=\"alignnone size-full wp-image-2012\" src=\"https:\/\/www.circuitohome.com.br\/produtos\/wp-content\/uploads\/2022\/09\/foto2.jpg\" alt=\"pic_3\" width=\"370\" height=\"250\" \/><\/p>\n<div class=\"extra-wrap-inner \">\n<h3>Monitore e ajuste sua cortina de onde voc\u00ea estiver, diretamente do seu Smartphone.<\/h3>\n<\/div>\n<\/div><\/div>\n<div class=\"span4 \"><div class=\"extra-wrap block_5\">\n<p><img loading=\"lazy\" class=\"alignnone size-full wp-image-2013\" src=\"https:\/\/www.circuitohome.com.br\/produtos\/wp-content\/uploads\/2022\/09\/foto4.jpg\" alt=\"pic_4\" width=\"370\" height=\"250\" \/><\/p>\n<div class=\"extra-wrap-inner \">\n<p align=\"center\"><img loading=\"lazy\" class=\"icones\" src=\"https:\/\/www.circuitohome.com.br\/produtos\/wp-content\/uploads\/2022\/09\/foto5.jpg\" alt=\"\" width=\"55\" height=\"48\" \/> <strong>Motor Silencioso<\/strong><br \/>\n<img loading=\"lazy\" class=\"icones\" src=\"https:\/\/www.circuitohome.com.br\/produtos\/wp-content\/uploads\/2022\/09\/foto6.jpg\" alt=\"\" width=\"55\" height=\"48\" \/> <strong>Encaixe de trilhos<\/strong><br \/>\n<img loading=\"lazy\" class=\"icones\" src=\"https:\/\/www.circuitohome.com.br\/produtos\/wp-content\/uploads\/2022\/09\/foto7.jpg\" alt=\"\" width=\"55\" height=\"48\" \/> <strong>Controle remoto<\/strong><\/p>\n<\/div>\n<\/div><\/div>\n<div class=\"span4 \"><div class=\"extra-wrap block_5 corr_1\">\n<p><img loading=\"lazy\" class=\"alignnone size-full wp-image-2014\" src=\"https:\/\/www.circuitohome.com.br\/produtos\/wp-content\/uploads\/2022\/10\/cortina-tablet.jpg\" alt=\"pic_5\" width=\"370\" height=\"250\" \/><\/p>\n<div class=\"extra-wrap-inner \">\n<h3>APLICATIVO<\/h3>\n<p>Nosso aplicativo \u00e9 responsivo para todos os dispositivos. Controle sua casa atrav\u00e9s do seu celular ou tablet.<\/p>\n<\/div>\n<\/div><\/div>\n<\/div><!-- .row (end) -->\n<\/div><\/section>\n<p>&nbsp;<\/p>\n","protected":false},"excerpt":{"rendered":"<p>https:\/\/www.circuitohome.com.br\/produtos\/wp-content\/uploads\/2015\/12\/sound1.mp3 AUTOMATIZE SUA CASA Imagine a sua cortina abrindo automaticamente logo ao amanhecer, ou ent\u00e3o fechando ao in\u00edcio da tarde, sem que voc\u00ea precise se preocupar em ajust\u00e1-la manualmente. &nbsp;<\/p>\n","protected":false},"author":1,"featured_media":0,"parent":2181,"menu_order":0,"comment_status":"closed","ping_status":"closed","template":"page-fullwidth.php","meta":[],"_links":{"self":[{"href":"https:\/\/www.circuitohome.com.br\/produtos\/wp-json\/wp\/v2\/pages\/2278"}],"collection":[{"href":"https:\/\/www.circuitohome.com.br\/produtos\/wp-json\/wp\/v2\/pages"}],"about":[{"href":"https:\/\/www.circuitohome.com.br\/produtos\/wp-json\/wp\/v2\/types\/page"}],"author":[{"embeddable":true,"href":"https:\/\/www.circuitohome.com.br\/produtos\/wp-json\/wp\/v2\/users\/1"}],"replies":[{"embeddable":true,"href":"https:\/\/www.circuitohome.com.br\/produtos\/wp-json\/wp\/v2\/comments?post=2278"}],"version-history":[{"count":0,"href":"https:\/\/www.circuitohome.com.br\/produtos\/wp-json\/wp\/v2\/pages\/2278\/revisions"}],"up":[{"embeddable":true,"href":"https:\/\/www.circuitohome.com.br\/produtos\/wp-json\/wp\/v2\/pages\/2181"}],"wp:attachment":[{"href":"https:\/\/www.circuitohome.com.br\/produtos\/wp-json\/wp\/v2\/media?parent=2278"}],"curies":[{"name":"wp","href":"https:\/\/api.w.org\/{rel}","templated":true}]}}